{"id":30,"date":"2025-03-11T05:01:44","date_gmt":"2025-03-11T05:01:44","guid":{"rendered":"https:\/\/bts9.louisst.o2switch.site\/WP-Minou\/?page_id=30"},"modified":"2025-03-18T10:22:49","modified_gmt":"2025-03-18T10:22:49","slug":"accueil-2","status":"publish","type":"page","link":"https:\/\/bts9.louisst.o2switch.site\/WP-Minou\/","title":{"rendered":"MINOU SURF CLUB"},"content":{"rendered":"\n<h4 class=\"wp-block-heading\">Le Club phare de la pointe Bretonne. \u00c9leveur de f\u00e9lins aquatiques depuis 2004.<\/h4>\n\n\n\n<p><strong>Plus qu\u2019un club, une v\u00e9ritable institution. \u00c9leveur de f\u00e9lins champions, le club est devenu une r\u00e9f\u00e9rence locale des sports de glisse.<\/strong><\/p>\n\n\n\n<div class=\"wp-block-uagb-container uagb-block-2a2e13f0 alignfull uagb-is-root-container\"><div class=\"uagb-container-inner-blocks-wrap\">\n<div class=\"wp-block-uagb-container uagb-block-97466cc4\">\n<figure class=\"wp-block-image\" style=\"margin-top:0;margin-bottom:0\"><img decoding=\"async\" src=\"https:\/\/www.minousurfclub.fr\/wp-content\/uploads\/2020\/05\/champions@2x-1024x539.png\" alt=\"\" class=\"wp-image-1936\"\/><figcaption class=\"wp-element-caption\"><sub>Ben Carpentier, 24 ans, champion du Monde SUP vagues 2019 Coralie Riou, 26 ans, championne de France en ParaSurf Prone 1 Yann Sala\u00fcn, 27 ans, champion de France de Bodyboard Open 2019 Emmanuel Dubrana, 18 ans, Vice Champion de France en cat\u00e9gorie ParaSurf PS6<\/sub><\/figcaption><\/figure>\n<\/div>\n\n\n\n<div class=\"wp-block-uagb-container uagb-block-2bc14105\">\n<figure class=\"wp-block-image\"><img decoding=\"async\" src=\"https:\/\/www.minousurfclub.fr\/wp-content\/uploads\/2020\/05\/team@2x-1024x539.png\" alt=\"\" class=\"wp-image-1937\"\/><figcaption class=\"wp-element-caption\"><sub>Cr\u00e9\u00e9 \u00e0 l\u2019origine il y a plus de 15 ans, le Minou Surf Club fut remis sur pattes en 2003 apr\u00e8s une p\u00e9riode de temps mort. Nos objectifs: Promouvoir et structurer la pratique du Surf &amp; Bodyboard sur la r\u00e9gion brestoise, Cr\u00e9er un groupe de coll\u00e8gues (jeunes et moins jeunes) r\u00e9unis autour d\u2019une m\u00eame passion, Sensibiliser la nouvelle g\u00e9n\u00e9ration au respect du littoral et des r\u00e8gles dans l\u2019eau, Aider les graines de champions \u00e0 \u00e9clore et leur permettre d\u2019atteindre le haut niveau.<\/sub><\/figcaption><\/figure>\n<\/div>\n<\/div><\/div>\n\n\n\n<div class=\"wp-block-uagb-container uagb-block-5ec04e8e alignfull uagb-is-root-container\"><div class=\"uagb-container-inner-blocks-wrap\"><\/div><\/div>\n\n\n\n<div class=\"wp-block-uagb-container uagb-block-1cb04efe alignfull uagb-is-root-container\"><div class=\"uagb-container-inner-blocks-wrap\">\n<h3 class=\"wp-block-heading has-x-large-font-size\">Les derni\u00e8res news<\/h3>\n\n\n<ul class=\"wp-block-latest-posts__list has-dates wp-block-latest-posts\"><li><a class=\"wp-block-latest-posts__post-title\" href=\"https:\/\/bts9.louisst.o2switch.site\/WP-Minou\/2025\/03\/11\/le-surf-trait-dunion-entre-lhomme-et-locean\/\">Le surf, trait d&rsquo;union entre l&rsquo;homme et l&rsquo;oc\u00e9an<\/a><time datetime=\"2025-03-11T05:55:48+00:00\" class=\"wp-block-latest-posts__post-date\">mars 11, 2025<\/time><\/li>\n<li><a class=\"wp-block-latest-posts__post-title\" href=\"https:\/\/bts9.louisst.o2switch.site\/WP-Minou\/2024\/11\/17\/3e-et-dernier-etb-de-lannee\/\">3\u00e8me et dernier ETB de l&rsquo;ann\u00e9e<\/a><time datetime=\"2024-11-17T09:47:00+00:00\" class=\"wp-block-latest-posts__post-date\">novembre 17, 2024<\/time><\/li>\n<li><a class=\"wp-block-latest-posts__post-title\" href=\"https:\/\/bts9.louisst.o2switch.site\/WP-Minou\/2024\/10\/18\/succes-aux-france\/\">Succ\u00e8s au \u00ab\u00a0FRANCE\u00a0\u00bb<\/a><time datetime=\"2024-10-18T10:00:00+00:00\" class=\"wp-block-latest-posts__post-date\">octobre 18, 2024<\/time><\/li>\n<\/ul><\/div><\/div>\n\n\n\n<p><\/p>\n","protected":false},"excerpt":{"rendered":"<p>Le Club phare de la pointe Bretonne. \u00c9leveur de f\u00e9lins aquatiques depuis 2004. Plus qu\u2019un club, une v\u00e9ritable institution. \u00c9leveur [&hellip;]<\/p>\n","protected":false},"author":1,"featured_media":0,"parent":0,"menu_order":0,"comment_status":"closed","ping_status":"closed","template":"","meta":{"_uag_custom_page_level_css":"","site-sidebar-layout":"default","site-content-layout":"","ast-site-content-layout":"","site-content-style":"default","site-sidebar-style":"default","ast-global-header-display":"","ast-banner-title-visibility":"","ast-main-header-display":"","ast-hfb-above-header-display":"","ast-hfb-below-header-display":"","ast-hfb-mobile-header-display":"","site-post-title":"","ast-breadcrumbs-content":"","ast-featured-img":"","footer-sml-layout":"","theme-transparent-header-meta":"","adv-header-id-meta":"","stick-header-meta":"","header-above-stick-meta":"","header-main-stick-meta":"","header-below-stick-meta":"","astra-migrate-meta-layouts":"default","ast-page-background-enabled":"default","ast-page-background-meta":{"desktop":{"background-color":"var(--ast-global-color-5)","background-image":"","background-repeat":"repeat","background-position":"center center","background-size":"auto","background-attachment":"scroll","background-type":"","background-media":"","overlay-type":"","overlay-color":"","overlay-opacity":"","overlay-gradient":""},"tablet":{"background-color":"","background-image":"","background-repeat":"repeat","background-position":"center center","background-size":"auto","background-attachment":"scroll","background-type":"","background-media":"","overlay-type":"","overlay-color":"","overlay-opacity":"","overlay-gradient":""},"mobile":{"background-color":"","background-image":"","background-repeat":"repeat","background-position":"center center","background-size":"auto","background-attachment":"scroll","background-type":"","background-media":"","overlay-type":"","overlay-color":"","overlay-opacity":"","overlay-gradient":""}},"ast-content-background-meta":{"desktop":{"background-color":"var(--ast-global-color-4)","background-image":"","background-repeat":"repeat","background-position":"center center","background-size":"auto","background-attachment":"scroll","background-type":"","background-media":"","overlay-type":"","overlay-color":"","overlay-opacity":"","overlay-gradient":""},"tablet":{"background-color":"var(--ast-global-color-4)","background-image":"","background-repeat":"repeat","background-position":"center center","background-size":"auto","background-attachment":"scroll","background-type":"","background-media":"","overlay-type":"","overlay-color":"","overlay-opacity":"","overlay-gradient":""},"mobile":{"background-color":"var(--ast-global-color-4)","background-image":"","background-repeat":"repeat","background-position":"center center","background-size":"auto","background-attachment":"scroll","background-type":"","background-media":"","overlay-type":"","overlay-color":"","overlay-opacity":"","overlay-gradient":""}},"footnotes":""},"class_list":["post-30","page","type-page","status-publish","hentry"],"uagb_featured_image_src":{"full":false,"thumbnail":false,"medium":false,"medium_large":false,"large":false,"1536x1536":false,"2048x2048":false},"uagb_author_info":{"display_name":"etudiant","author_link":"https:\/\/bts9.louisst.o2switch.site\/WP-Minou\/author\/etudiant\/"},"uagb_comment_info":0,"uagb_excerpt":"Le Club phare de la pointe Bretonne. \u00c9leveur de f\u00e9lins aquatiques depuis 2004. Plus qu\u2019un club, une v\u00e9ritable institution. \u00c9leveur [&hellip;]","_links":{"self":[{"href":"https:\/\/bts9.louisst.o2switch.site\/WP-Minou\/wp-json\/wp\/v2\/pages\/30","targetHints":{"allow":["GET"]}}],"collection":[{"href":"https:\/\/bts9.louisst.o2switch.site\/WP-Minou\/wp-json\/wp\/v2\/pages"}],"about":[{"href":"https:\/\/bts9.louisst.o2switch.site\/WP-Minou\/wp-json\/wp\/v2\/types\/page"}],"author":[{"embeddable":true,"href":"https:\/\/bts9.louisst.o2switch.site\/WP-Minou\/wp-json\/wp\/v2\/users\/1"}],"replies":[{"embeddable":true,"href":"https:\/\/bts9.louisst.o2switch.site\/WP-Minou\/wp-json\/wp\/v2\/comments?post=30"}],"version-history":[{"count":17,"href":"https:\/\/bts9.louisst.o2switch.site\/WP-Minou\/wp-json\/wp\/v2\/pages\/30\/revisions"}],"predecessor-version":[{"id":187,"href":"https:\/\/bts9.louisst.o2switch.site\/WP-Minou\/wp-json\/wp\/v2\/pages\/30\/revisions\/187"}],"wp:attachment":[{"href":"https:\/\/bts9.louisst.o2switch.site\/WP-Minou\/wp-json\/wp\/v2\/media?parent=30"}],"curies":[{"name":"wp","href":"https:\/\/api.w.org\/{rel}","templated":true}]}}